{"id":10697,"date":"2021-01-02T16:02:53","date_gmt":"2021-01-02T19:02:53","guid":{"rendered":"https:\/\/abest.com.br\/?page_id=4059"},"modified":"2021-01-02T16:02:53","modified_gmt":"2021-01-02T19:02:53","slug":"sustentabilidade-2","status":"publish","type":"page","link":"https:\/\/abest.com.br\/en\/sustentabilidade-2\/","title":{"rendered":"Sustentabilidade"},"content":{"rendered":"<style type=\"text\/css\" data-created_by=\"avia_inline_auto\" id=\"style-css-av-kizasvrr-f9d36a9eebd91cf8b9c53e608e71c76e\">\n.flex_column.av-kizasvrr-f9d36a9eebd91cf8b9c53e608e71c76e{\nborder-radius:0px 0px 0px 0px;\npadding:0px 12% 0px 12%;\n}\n<\/style>\n<div  class='flex_column av-kizasvrr-f9d36a9eebd91cf8b9c53e608e71c76e av_one_full  avia-builder-el-0  avia-builder-el-no-sibling  first flex_column_div'     ><p>\n<style type=\"text\/css\" data-created_by=\"avia_inline_auto\" id=\"style-css-av-kjg7c814-4fb7eaa28c909dd2211c4ea5200eb1bf\">\n#top .av-special-heading.av-kjg7c814-4fb7eaa28c909dd2211c4ea5200eb1bf{\npadding-bottom:10px;\n}\nbody .av-special-heading.av-kjg7c814-4fb7eaa28c909dd2211c4ea5200eb1bf .av-special-heading-tag .heading-char{\nfont-size:25px;\n}\n.av-special-heading.av-kjg7c814-4fb7eaa28c909dd2211c4ea5200eb1bf .av-subheading{\nfont-size:15px;\n}\n<\/style>\n<div  class='av-special-heading av-kjg7c814-4fb7eaa28c909dd2211c4ea5200eb1bf av-special-heading-h1 blockquote modern-quote modern-centered  avia-builder-el-1  el_before_av_blog  avia-builder-el-first'><h1 class='av-special-heading-tag'  itemprop=\"headline\"  >Sustentabilidade<\/h1><div class=\"special-heading-border\"><div class=\"special-heading-inner-border\"><\/div><\/div><\/div><br \/>\n<div  data-slideshow-options=\"{&quot;animation&quot;:&quot;fade&quot;,&quot;autoplay&quot;:false,&quot;loop_autoplay&quot;:&quot;once&quot;,&quot;interval&quot;:5,&quot;loop_manual&quot;:&quot;manual-endless&quot;,&quot;autoplay_stopper&quot;:false,&quot;noNavigation&quot;:false,&quot;show_slide_delay&quot;:90}\" class='avia-content-slider avia-content-grid-active avia-content-slider1 avia-content-slider-odd  avia-builder-el-2  el_after_av_heading  avia-builder-el-last  internas av-slideshow-ui av-control-default   av-no-slider-navigation av-slideshow-manual av-loop-once av-loop-manual-endless'  itemscope=\"itemscope\" itemtype=\"https:\/\/schema.org\/Blog\" ><div class=\"avia-content-slider-inner\"><div class=\"slide-entry-wrap\"><article class='slide-entry flex_column  post-entry post-entry-9907 slide-entry-overview slide-loop-1 slide-parity-odd  av_one_third first real-thumbnail posttype-post post-format-standard'  itemscope=\"itemscope\" itemtype=\"https:\/\/schema.org\/CreativeWork\" ><a href='https:\/\/abest.com.br\/en\/colecoes\/a-fabres-apresenta-a-colecao-broderie-inspirada-nos-pampas-sul-americanos\/' data-rel='slide-1' class='slide-image' title='A FABR\u00c8S apresenta a cole\u00e7\u00e3o BRODERIE, inspirada nos pampas sul americanos'><img decoding=\"async\" fetchpriority=\"high\" width=\"1000\" height=\"700\" src=\"https:\/\/abest.com.br\/wp-content\/uploads\/2021\/03\/d-32.jpg\" class=\"avia-img-lazy-loading-not-5484 attachment-no scaling size-no scaling wp-image-5484 wp-post-image\" alt=\"\" srcset=\"https:\/\/abest.com.br\/wp-content\/uploads\/2021\/03\/d-32.jpg 1000w, https:\/\/abest.com.br\/wp-content\/uploads\/2021\/03\/d-32-300x210.jpg 300w, https:\/\/abest.com.br\/wp-content\/uploads\/2021\/03\/d-32-768x538.jpg 768w, https:\/\/abest.com.br\/wp-content\/uploads\/2021\/03\/d-32-705x494.jpg 705w\" sizes=\"(max-width: 1000px) 100vw, 1000px\" data-mwl-img-id=\"5484\" \/><\/a><div class=\"slide-content\"><header class=\"entry-content-header\"><h3 class='slide-entry-title entry-title'  itemprop=\"headline\" ><a href='https:\/\/abest.com.br\/en\/colecoes\/a-fabres-apresenta-a-colecao-broderie-inspirada-nos-pampas-sul-americanos\/' title='A FABR\u00c8S apresenta a cole\u00e7\u00e3o BRODERIE, inspirada nos pampas sul americanos'>A FABR\u00c8S apresenta a cole\u00e7\u00e3o BRODERIE, inspirada nos pampas sul americanos<\/a><\/h3><span class=\"blog-categories minor-meta\"><a href=\"https:\/\/abest.com.br\/en\/category\/colecoes\/\" rel=\"tag\">Collections<\/a>, <a href=\"https:\/\/abest.com.br\/en\/category\/colecoes\/fabres-design\/\" rel=\"tag\">Fabr\u00e8s Design<\/a> <\/span><span class=\"av-vertical-delimiter\"><\/span><\/header><div class='slide-entry-excerpt entry-content'  itemprop=\"text\" >\n\n\n\n\n\n\n\n\n\n\n\n\n\n\n\n\n\n\n\n\n\n\n\n<\/div><\/div><footer class=\"entry-footer\"><div class=\"slide-meta\"><time class='slide-meta-time updated'  itemprop=\"datePublished\" datetime=\"2021-03-31T11:43:47-03:00\" >31 de March de 2021<\/time><\/div><\/footer><span class='hidden'>\n\t\t\t\t<span class='av-structured-data'  itemprop=\"image\" itemscope=\"itemscope\" itemtype=\"https:\/\/schema.org\/ImageObject\" >\n\t\t\t\t\t\t<span itemprop='url'>https:\/\/abest.com.br\/wp-content\/uploads\/2021\/03\/d-32.jpg<\/span>\n\t\t\t\t\t\t<span itemprop='height'>700<\/span>\n\t\t\t\t\t\t<span itemprop='width'>1000<\/span>\n\t\t\t\t<\/span>\n\t\t\t\t<span class='av-structured-data'  itemprop=\"publisher\" itemtype=\"https:\/\/schema.org\/Organization\" itemscope=\"itemscope\" >\n\t\t\t\t\t\t<span itemprop='name'>abe<\/span>\n\t\t\t\t\t\t<span itemprop='logo' itemscope itemtype='https:\/\/schema.org\/ImageObject'>\n\t\t\t\t\t\t\t<span itemprop='url'>https:\/\/abest.com.br\/wp-content\/uploads\/2024\/06\/abest-logo-300x227.png<\/span>\n\t\t\t\t\t\t<\/span>\n\t\t\t\t<\/span><span class='av-structured-data'  itemprop=\"author\" itemscope=\"itemscope\" itemtype=\"https:\/\/schema.org\/Person\" ><span itemprop='name'>abe<\/span><\/span><span class='av-structured-data'  itemprop=\"datePublished\" datetime=\"2021-01-02T16:02:53-03:00\" >2021-03-31 11:43:47<\/span><span class='av-structured-data'  itemprop=\"dateModified\" itemtype=\"https:\/\/schema.org\/dateModified\" >2024-06-01 14:54:17<\/span><span class='av-structured-data'  itemprop=\"mainEntityOfPage\" itemtype=\"https:\/\/schema.org\/mainEntityOfPage\" ><span itemprop='name'>A FABR\u00c8S apresenta a cole\u00e7\u00e3o BRODERIE, inspirada nos pampas sul americanos<\/span><\/span><\/span><\/article><article class='slide-entry flex_column  post-entry post-entry-9559 slide-entry-overview slide-loop-2 slide-parity-even  post-entry-last  av_one_third  real-thumbnail posttype-post post-format-standard'  itemscope=\"itemscope\" itemtype=\"https:\/\/schema.org\/CreativeWork\" ><a href='https:\/\/abest.com.br\/en\/colecoes\/fabres-design-2\/' data-rel='slide-1' class='slide-image' title='Fabr\u00e8s Design'><img decoding=\"async\" fetchpriority=\"high\" width=\"654\" height=\"984\" src=\"https:\/\/abest.com.br\/wp-content\/uploads\/2021\/01\/galeria_mkaus4548_0d73b0a3-01e4-4808-8d05-7e9b4e14d5fe.jpg\" class=\"avia-img-lazy-loading-not-4542 attachment-no scaling size-no scaling wp-image-4542 wp-post-image\" alt=\"\" srcset=\"https:\/\/abest.com.br\/wp-content\/uploads\/2021\/01\/galeria_mkaus4548_0d73b0a3-01e4-4808-8d05-7e9b4e14d5fe.jpg 654w, https:\/\/abest.com.br\/wp-content\/uploads\/2021\/01\/galeria_mkaus4548_0d73b0a3-01e4-4808-8d05-7e9b4e14d5fe-199x300.jpg 199w, https:\/\/abest.com.br\/wp-content\/uploads\/2021\/01\/galeria_mkaus4548_0d73b0a3-01e4-4808-8d05-7e9b4e14d5fe-469x705.jpg 469w\" sizes=\"(max-width: 654px) 100vw, 654px\" data-mwl-img-id=\"4542\" \/><\/a><div class=\"slide-content\"><header class=\"entry-content-header\"><h3 class='slide-entry-title entry-title'  itemprop=\"headline\" ><a href='https:\/\/abest.com.br\/en\/colecoes\/fabres-design-2\/' title='Fabr\u00e8s Design'>Fabr\u00e8s Design<\/a><\/h3><span class=\"blog-categories minor-meta\"><a href=\"https:\/\/abest.com.br\/en\/category\/colecoes\/\" rel=\"tag\">Collections<\/a>, <a href=\"https:\/\/abest.com.br\/en\/category\/colecoes\/fabres-design\/\" rel=\"tag\">Fabr\u00e8s Design<\/a> <\/span><span class=\"av-vertical-delimiter\"><\/span><\/header><div class='slide-entry-excerpt entry-content'  itemprop=\"text\" >\n\n\n\n\n\n\n\n\n\n\n\n\n\n\n\n\n\n\n\n\n\n\n\n\n\n\n\n\n\n\n\n\n\n\n\n\n\n\n\n\n\n\n\n\n\n\n\n\n\n\n\n\n\n\n\n\n\n\n\n\n\n\n\n\n\n\n\n\n\n\n\n<\/div><\/div><footer class=\"entry-footer\"><div class=\"slide-meta\"><time class='slide-meta-time updated'  itemprop=\"datePublished\" datetime=\"2020-02-05T22:46:00-03:00\" >5 de February de 2020<\/time><\/div><\/footer><span class='hidden'>\n\t\t\t\t<span class='av-structured-data'  itemprop=\"image\" itemscope=\"itemscope\" itemtype=\"https:\/\/schema.org\/ImageObject\" >\n\t\t\t\t\t\t<span itemprop='url'>https:\/\/abest.com.br\/wp-content\/uploads\/2021\/01\/galeria_mkaus4548_0d73b0a3-01e4-4808-8d05-7e9b4e14d5fe.jpg<\/span>\n\t\t\t\t\t\t<span itemprop='height'>984<\/span>\n\t\t\t\t\t\t<span itemprop='width'>654<\/span>\n\t\t\t\t<\/span>\n\t\t\t\t<span class='av-structured-data'  itemprop=\"publisher\" itemtype=\"https:\/\/schema.org\/Organization\" itemscope=\"itemscope\" >\n\t\t\t\t\t\t<span itemprop='name'>abe<\/span>\n\t\t\t\t\t\t<span itemprop='logo' itemscope itemtype='https:\/\/schema.org\/ImageObject'>\n\t\t\t\t\t\t\t<span itemprop='url'>https:\/\/abest.com.br\/wp-content\/uploads\/2024\/06\/abest-logo-300x227.png<\/span>\n\t\t\t\t\t\t<\/span>\n\t\t\t\t<\/span><span class='av-structured-data'  itemprop=\"author\" itemscope=\"itemscope\" itemtype=\"https:\/\/schema.org\/Person\" ><span itemprop='name'>abe<\/span><\/span><span class='av-structured-data'  itemprop=\"datePublished\" datetime=\"2021-01-02T16:02:53-03:00\" >2020-02-05 22:46:00<\/span><span class='av-structured-data'  itemprop=\"dateModified\" itemtype=\"https:\/\/schema.org\/dateModified\" >2024-06-01 12:19:51<\/span><span class='av-structured-data'  itemprop=\"mainEntityOfPage\" itemtype=\"https:\/\/schema.org\/mainEntityOfPage\" ><span itemprop='name'>Fabr\u00e8s Design<\/span><\/span><\/span><\/article><\/div><\/div><\/div><\/p><\/div>","protected":false},"excerpt":{"rendered":"","protected":false},"author":1,"featured_media":0,"parent":0,"menu_order":0,"comment_status":"closed","ping_status":"closed","template":"","meta":{"inline_featured_image":false,"footnotes":""},"class_list":["post-10697","page","type-page","status-publish","hentry"],"_links":{"self":[{"href":"https:\/\/abest.com.br\/en\/wp-json\/wp\/v2\/pages\/10697","targetHints":{"allow":["GET"]}}],"collection":[{"href":"https:\/\/abest.com.br\/en\/wp-json\/wp\/v2\/pages"}],"about":[{"href":"https:\/\/abest.com.br\/en\/wp-json\/wp\/v2\/types\/page"}],"author":[{"embeddable":true,"href":"https:\/\/abest.com.br\/en\/wp-json\/wp\/v2\/users\/1"}],"replies":[{"embeddable":true,"href":"https:\/\/abest.com.br\/en\/wp-json\/wp\/v2\/comments?post=10697"}],"version-history":[{"count":0,"href":"https:\/\/abest.com.br\/en\/wp-json\/wp\/v2\/pages\/10697\/revisions"}],"wp:attachment":[{"href":"https:\/\/abest.com.br\/en\/wp-json\/wp\/v2\/media?parent=10697"}],"curies":[{"name":"wp","href":"https:\/\/api.w.org\/{rel}","templated":true}]}}