{"id":10698,"date":"2021-01-02T20:27:36","date_gmt":"2021-01-02T23:27:36","guid":{"rendered":"https:\/\/abest.com.br\/?page_id=4160"},"modified":"2026-03-06T19:27:57","modified_gmt":"2026-03-06T22:27:57","slug":"calendario","status":"publish","type":"page","link":"https:\/\/abest.com.br\/en\/calendario\/","title":{"rendered":"Agenda"},"content":{"rendered":"<div id='av_section_1'  class='avia-section av-ke6e9yr5-3d700d777c26cd2ea06aa76e211aa057 main_color avia-section-default avia-no-border-styling  avia-builder-el-0  avia-builder-el-no-sibling  avia-bg-style-scroll container_wrap sidebar_right'  ><div class='container av-section-cont-open' ><main  role=\"main\" itemprop=\"mainContentOfPage\"  class='template-page content  av-content-small alpha units'><div class='post-entry post-entry-type-page post-entry-10698'><div class='entry-content-wrapper clearfix'>\n\n<style type=\"text\/css\" data-created_by=\"avia_inline_auto\" id=\"style-css-av-2gavxs-3ef5201f74422665cfb6092c5265ba76\">\n#top .av-special-heading.av-2gavxs-3ef5201f74422665cfb6092c5265ba76{\npadding-bottom:0;\ncolor:#000000;\n}\nbody .av-special-heading.av-2gavxs-3ef5201f74422665cfb6092c5265ba76 .av-special-heading-tag .heading-char{\nfont-size:25px;\n}\n.av-special-heading.av-2gavxs-3ef5201f74422665cfb6092c5265ba76 .special-heading-inner-border{\nborder-color:#000000;\n}\n.av-special-heading.av-2gavxs-3ef5201f74422665cfb6092c5265ba76 .av-subheading{\nfont-size:15px;\n}\n<\/style>\n<div  class='av-special-heading av-2gavxs-3ef5201f74422665cfb6092c5265ba76 av-special-heading-h2 custom-color-heading blockquote modern-quote modern-centered  avia-builder-el-1  el_before_av_hr  avia-builder-el-first'><h2 class='av-special-heading-tag'  itemprop=\"headline\"  >Events Calendar<\/h2><div class=\"special-heading-border\"><div class=\"special-heading-inner-border\"><\/div><\/div><\/div>\n\n<style type=\"text\/css\" data-created_by=\"avia_inline_auto\" id=\"style-css-av-kedalm5o-93cb5b29d65f36a96386c63f89d53620\">\n#top .hr.hr-invisible.av-kedalm5o-93cb5b29d65f36a96386c63f89d53620{\nheight:45px;\n}\n<\/style>\n<div  class='hr av-kedalm5o-93cb5b29d65f36a96386c63f89d53620 hr-invisible  avia-builder-el-2  el_after_av_heading  el_before_av_textblock'><span class='hr-inner'><span class=\"hr-inner-style\"><\/span><\/span><\/div>\n<section  class='av_textblock_section av-koel4loa-515246677b84b57299d339c7b15f65eb'   itemscope=\"itemscope\" itemtype=\"https:\/\/schema.org\/CreativeWork\" ><div class='avia_textblock'  itemprop=\"text\" ><br \/>\n<\/p>\n<p><strong>Next Events:<\/strong><\/p>\n<p>Cabana Show \u2013 MIAMI, EUA \u2013 May 30 \u2013 Jun 01<br \/>\nWho\u2019s Next \u2013 PARIS, FRANCE \u2013 05-07 September<br \/>\nWhite Show \u2013 MILAN, ITALY \u2013 24-27 September<br \/>\nPremi\u00e8re Classe \u2013 PARIS, FRANCE \u2013 02-05 October<br \/>\nSplash \u2013 PARIS, FRANCE \u2013 03-05 October<\/p>\n\n<p><strong>Cabana Miami | Estados Unidos &#8211; moda praia, resort, acess\u00f3rios, bolsas e cal\u00e7ados<\/strong><\/p>\n<p><a href=\"http:\/\/www.cabanashow.com\/\">www.cabanashow.com<\/a><\/p>\n<p>pr\u00f3xima data: 30 MAIO a 01 JUNHO 2026<\/p>\n<p><img loading=\"lazy\" decoding=\"async\" class=\"alignnone wp-image-11046\" src=\"https:\/\/abest.com.br\/wp-content\/uploads\/2025\/03\/Cabana.jpg\" alt=\"\" width=\"600\" height=\"336\" srcset=\"https:\/\/abest.com.br\/wp-content\/uploads\/2025\/03\/Cabana.jpg 1072w, https:\/\/abest.com.br\/wp-content\/uploads\/2025\/03\/Cabana-300x168.jpg 300w, https:\/\/abest.com.br\/wp-content\/uploads\/2025\/03\/Cabana-1030x576.jpg 1030w, https:\/\/abest.com.br\/wp-content\/uploads\/2025\/03\/Cabana-768x430.jpg 768w, https:\/\/abest.com.br\/wp-content\/uploads\/2025\/03\/Cabana-18x10.jpg 18w, https:\/\/abest.com.br\/wp-content\/uploads\/2025\/03\/Cabana-705x395.jpg 705w\" sizes=\"auto, (max-width: 600px) 100vw, 600px\" \/><\/p>\n<p>Cabana acontece em Miami Beach desde 2013, na maioria das vezes nos meses de junho\/julho e janeiro em paralelo \u00e0 feira\u00a0SwimShow. \u00c9 organizada pelo Grupo Atrium, que al\u00e9m de feiras tamb\u00e9m s\u00e3o propriet\u00e1rios de lojas multimarcas no mercado americano, focadas em moda praia e \u201cresortwear\u201d.<\/p>\n<p>A feira tem uma proposta inovadora e moderna na apresenta\u00e7\u00e3o do layout do evento al\u00e9m de criteriosa sele\u00e7\u00e3o de marcas.<\/p>\n<p>A curadoria \u00e9 exigente e apresenta um mix de marcas com perfil mais descolado e bem-posicionadas, s\u00e3o marcas\u00a0de praia em sua maioria americanas, com foco em design e pre\u00e7o m\u00e9dio elevado, atendendo assim\u00a0os gostos de compradores de famosas boutiques e lojas de departamentos do mundo todo,\u00a0principalmente da Am\u00e9rica do Norte e Central.\u00a0A feira, por ter um ar mais contempor\u00e2neo, apresenta um layout branco composto por formas simples e org\u00e2nicas que remetem aos corais marinhos, tudo fica padronizado e\u00a0igualit\u00e1rio para todos, sem demandar gastos extras com montagem, evidenciando o produto como principal atra\u00e7\u00e3o do Show.<\/p>\n<p><strong>Who\u2019s\u00a0Next Paris | Fran\u00e7a \u2013 vestu\u00e1rio geral, acess\u00f3rios, bolsas, cal\u00e7ados e moda sustent\u00e1vel<\/strong><\/p>\n<p><a href=\"http:\/\/www.whosnext-tradeshow.com\/\">www.whosnext-tradeshow.com<\/a><\/p>\n<p>Pr\u00f3ximo evento apoiado: 05 A 07 SETEMBRO 2026<\/p>\n<p><img loading=\"lazy\" decoding=\"async\" class=\"alignnone wp-image-11048\" src=\"https:\/\/abest.com.br\/wp-content\/uploads\/2025\/03\/Whos-Next.jpg\" alt=\"\" width=\"600\" height=\"424\" srcset=\"https:\/\/abest.com.br\/wp-content\/uploads\/2025\/03\/Whos-Next.jpg 1000w, https:\/\/abest.com.br\/wp-content\/uploads\/2025\/03\/Whos-Next-300x212.jpg 300w, https:\/\/abest.com.br\/wp-content\/uploads\/2025\/03\/Whos-Next-768x543.jpg 768w, https:\/\/abest.com.br\/wp-content\/uploads\/2025\/03\/Whos-Next-18x12.jpg 18w, https:\/\/abest.com.br\/wp-content\/uploads\/2025\/03\/Whos-Next-260x185.jpg 260w, https:\/\/abest.com.br\/wp-content\/uploads\/2025\/03\/Whos-Next-705x498.jpg 705w\" sizes=\"auto, (max-width: 600px) 100vw, 600px\" \/><\/p>\n<p>A Who \u0301s Next \u00e9 uma feira do grupo WSN\u00a0Development\u00a0respons\u00e1vel pela organiza\u00e7\u00e3o de outros grandes eventos, como a Premi\u00e8re Classe. Lan\u00e7ada em 1994, acontece<\/p>\n<p>duas vezes no ano, janeiro e setembro, apresenta cole\u00e7\u00f5es de vestu\u00e1rio geral de moda feminina<\/p>\n<p>e masculina, resort, praia, casual, acess\u00f3rios, bolsas, cal\u00e7ados e cosm\u00e9ticos. S\u00e3o cerca de<\/p>\n<p>2000 expositores, divididos em alguns universos:\u00a0Fame, Private,\u00a0Trendy,\u00a0Urban, Studio, Resort e<\/p>\n<p>\u00e1reas voltadas\u00a0para\u00a0sustentabilidade: Villa Beaut\u00e9 e\u00a0Impact.<\/p>\n<p>Evento ideal para marcas que tenham DNA sustent\u00e1vel, o espa\u00e7o IMPACT vem ganhando mais visibilidade nas\u00a0\u00faltimas\u00a0edi\u00e7\u00f5es, fato que mostra<\/p>\n<p>um crescente interesse dos organizadores e visitantes em busca de produtos com apelo consciente,\u00a0dur\u00e1vel e sustent\u00e1vel, indo de encontro com umas das grandes tendencias globais vitais para a\u00a0sobreviv\u00eancia das marcas de moda para os pr\u00f3ximos 20 anos.<\/p>\n<p>Acima de tudo a\u00a0Who\u2019s\u00a0Next \u00e9 uma grande incentivadora de talentos emergentes e novos designers, sendo uma \u00f3tima op\u00e7\u00e3o para as marcas<\/p>\n<p>acessarem compradores de todos os cantos do<\/p>\n<p>mundo, sobretudo europeus, \u00e1rabes e asi\u00e1ticos, com seus importantes players que costumam marcar presen\u00e7a em Paris nessa \u00e9poca.<\/p>\n<p><strong>White Milano | It\u00e1lia \u2013 vestu\u00e1rio geral, moda praia, resort, acess\u00f3rios, bolsas, cal\u00e7ados, \u00f3culos<\/strong><\/p>\n<p><a href=\"http:\/\/www.whiteshow.com\/\">www.whiteshow.com<\/a><\/p>\n<p>Pr\u00f3xima edi\u00e7\u00e3o apoiada Data: 24 A 27 SETEMBRO 2026<\/p>\n<p><img loading=\"lazy\" decoding=\"async\" class=\"alignnone wp-image-11047\" src=\"https:\/\/abest.com.br\/wp-content\/uploads\/2025\/03\/White.jpg\" alt=\"\" width=\"600\" height=\"424\" srcset=\"https:\/\/abest.com.br\/wp-content\/uploads\/2025\/03\/White.jpg 842w, https:\/\/abest.com.br\/wp-content\/uploads\/2025\/03\/White-300x212.jpg 300w, https:\/\/abest.com.br\/wp-content\/uploads\/2025\/03\/White-768x543.jpg 768w, https:\/\/abest.com.br\/wp-content\/uploads\/2025\/03\/White-18x12.jpg 18w, https:\/\/abest.com.br\/wp-content\/uploads\/2025\/03\/White-260x185.jpg 260w, https:\/\/abest.com.br\/wp-content\/uploads\/2025\/03\/White-705x498.jpg 705w\" sizes=\"auto, (max-width: 600px) 100vw, 600px\" \/><\/p>\n<p>White \u00e9 uma feira de refer\u00eancia de moda feminina internacional localizada no cora\u00e7\u00e3o do Tortona Fashion\u00a0District, desde a sua cria\u00e7\u00e3o em 2002 acontece durante a Semana de Moda de Mil\u00e3o. Trata-se de uma plataforma \u00fanica dedicada aos principais players da ind\u00fastria da moda, capaz de atender ao gosto exigente do mercado contempor\u00e2neo internacional. A feira \u00e9 considerada l\u00edder no badalado cen\u00e1rio\u00a0fashion\u00a0de Mil\u00e3o, reconhecida pelo seu networking, capaz de conectar novas marcas ao cen\u00e1rio contempor\u00e2neo da moda autoral internacional, a White apresenta cerca de 800\u00a0expositores por edi\u00e7\u00e3o.\u00a0Sua vis\u00e3o de futuro, com o objetivo de expandir e derrubar as barreiras, promover uma\u00a0comunica\u00e7\u00e3o fluida entre o mercado e as entidades criativas de todo o mundo. O evento \u00e9 capaz\u00a0de oferecer uma sele\u00e7\u00e3o de marcas sustent\u00e1veis definidas por um c\u00f3digo estil\u00edstico de vanguarda,\u00a0maisons\u00a0estabelecidas, designers experimentais e startups de nova gera\u00e7\u00e3o que prometem ser as \u2018apostas do futuro\u2019, num crossover de arte, design, cultura e tecnologia, focado na explora\u00e7\u00e3o direcionada de novas linguagens de moda para apresentar aos compradores o que h\u00e1 de melhor no momento.<\/p>\n<p>\u00c9 a principal feira de moda feminina da It\u00e1lia e uma das mais importantes da Europa. Representa uma renomada plataforma para intera\u00e7\u00e3o com principais lojas multimarcas e de departamentos do mundo.<\/p>\n<p><strong>Premi\u00e8re\u00a0Classe Paris | Fran\u00e7a \u2013 acess\u00f3rios, bolsas, cal\u00e7ados e vestu\u00e1rio geral<\/strong><\/p>\n<p><a href=\"http:\/\/www.premiere-classe.com\/en\">www.premiere-classe.com\/en<\/a><\/p>\n<p>Pr\u00f3xima Data: 02 a 05 OUTUBRO 2026<\/p>\n<p><img loading=\"lazy\" decoding=\"async\" class=\"alignnone wp-image-11061\" src=\"https:\/\/abest.com.br\/wp-content\/uploads\/2025\/03\/Premier-Classe.jpg\" alt=\"\" width=\"599\" height=\"365\" srcset=\"https:\/\/abest.com.br\/wp-content\/uploads\/2025\/03\/Premier-Classe.jpg 1000w, https:\/\/abest.com.br\/wp-content\/uploads\/2025\/03\/Premier-Classe-300x183.jpg 300w, https:\/\/abest.com.br\/wp-content\/uploads\/2025\/03\/Premier-Classe-768x468.jpg 768w, https:\/\/abest.com.br\/wp-content\/uploads\/2025\/03\/Premier-Classe-18x12.jpg 18w, https:\/\/abest.com.br\/wp-content\/uploads\/2025\/03\/Premier-Classe-705x429.jpg 705w\" sizes=\"auto, (max-width: 599px) 100vw, 599px\" \/><\/p>\n<p>A feira Premi\u00e8re Classe acontece h\u00e1 mais de 25 anos em Paris e \u00e9 considerada a feira mais importante do mundo para o segmento de acess\u00f3rios de moda, devido \u00e0 sua tradi\u00e7\u00e3o e respeito alcan\u00e7ado no mercado, englobando entre seus expositores bolsas, cal\u00e7ados, joias, semijoias, adornos e vestu\u00e1rio.<\/p>\n<p>A feira ocorre duas vezes por ano, durante a Semana de Moda de Paris, em tendas montadas no Jardin\u00a0des\u00a0Tuileries. S\u00e3o marcas<\/p>\n<p>de diversos pa\u00edses (cerca de 350 expositores por edi\u00e7\u00e3o), com cria\u00e7\u00f5es originais, posicionamento<\/p>\n<p>claro e conceitual. O evento oferece aos compradores internacionais uma vis\u00e3o global das tend\u00eancias e refer\u00eancias de marcas \u201chigh\u00a0end\u201d para o mercado de acess\u00f3rios.<\/p>\n<p>A Premi\u00e8re Classe \u00e9 a feira mais seletiva do segmento, seu processo de sele\u00e7\u00e3o leva em considera\u00e7\u00e3o tr\u00eas pontos:<\/p>\n<p>originalidade, criatividade e design.<\/p>\n<p>A feira \u00e9 passagem obrigat\u00f3ria para compradores de acess\u00f3rios de lojas de departamentos e<\/p>\n<p>boutiques, atrai muitos compradores \u00e1rabes, asi\u00e1ticos e europeus das mais renomadas lojas de departamentos.<\/p>\n<p><strong>Splash\u00a0Paris \u2013 moda praia, resort, acess\u00f3rios e bolsas<\/strong><\/p>\n<p><a href=\"http:\/\/www.splashparis.com\/\">www.splashparis.com<\/a><\/p>\n<p>Pr\u00f3xim edi\u00e7\u00e3o a ser apoiada Data: 03 a 05 OUTUBRO 2026<\/p>\n<p><img loading=\"lazy\" decoding=\"async\" class=\"alignnone wp-image-11062\" src=\"https:\/\/abest.com.br\/wp-content\/uploads\/2025\/03\/Splash.jpg\" alt=\"\" width=\"600\" height=\"340\" srcset=\"https:\/\/abest.com.br\/wp-content\/uploads\/2025\/03\/Splash.jpg 1000w, https:\/\/abest.com.br\/wp-content\/uploads\/2025\/03\/Splash-300x170.jpg 300w, https:\/\/abest.com.br\/wp-content\/uploads\/2025\/03\/Splash-768x435.jpg 768w, https:\/\/abest.com.br\/wp-content\/uploads\/2025\/03\/Splash-18x10.jpg 18w, https:\/\/abest.com.br\/wp-content\/uploads\/2025\/03\/Splash-705x400.jpg 705w\" sizes=\"auto, (max-width: 600px) 100vw, 600px\" \/><\/p>\n<p>Uma das feiras mais procuradas\u00a0do momento, a\u00a0Splash\u00a0\u00e9 voltada para o segmento premium de moda\u00a0praia e resort acontece duas vezes por ano em Paris, nos meses de junho e setembro. Al\u00e9m de uma curadoria criteriosa, o evento tem atra\u00eddo aten\u00e7\u00e3o das marcas por acontecer em dois<\/p>\n<p>per\u00edodos especiais para o segmento: em junho, antes da temporada de vendas de moda praia, o que permite que os compradores vejam as cole\u00e7\u00f5es antes de estarem com os or\u00e7amentos<\/p>\n<p>comprometidos e; no final de setembro, durante a Semana de Moda de Paris, quando v\u00e1rios eventos acontecem concomitantemente na cidade o gera maior fluxo de visita\u00e7\u00e3o no momento, atraindo\u00a0importantes nomes da moda e compradores de grandes lojas de departamento mundiais na badalada cidade luz.<\/p>\n<\/div><\/section>\n\n\n<style type=\"text\/css\" data-created_by=\"avia_inline_auto\" id=\"style-css-av-kedalm5o-1-a1aa065f15ef68f0fd553fba84952745\">\n#top .hr.hr-invisible.av-kedalm5o-1-a1aa065f15ef68f0fd553fba84952745{\nheight:45px;\n}\n<\/style>\n<div  class='hr av-kedalm5o-1-a1aa065f15ef68f0fd553fba84952745 hr-invisible  avia-builder-el-5  el_after_av_codeblock  el_before_av_button_big  avia-builder-el-last'><span class='hr-inner'><span class=\"hr-inner-style\"><\/span><\/span><\/div>\n<div  class='avia-button-wrap avia-button-center  avia-builder-el-6  el_after_av_hr  avia-builder-el-last  botaometade'>\n<style type=\"text\/css\" data-created_by=\"avia_inline_auto\" id=\"style-css-av-ke6dneq0-5f85becfbbf25cab7b752938dad5131c\">\n#top #wrap_all .avia-button.av-ke6dneq0-5f85becfbbf25cab7b752938dad5131c:hover{\nbackground-color:#000000;\ncolor:#ffffff;\ntransition:all 0.4s ease-in-out;\n}\n<\/style>\n<a href='javascript:history.back()' class='avia-color-dark avia-font-color-theme-color avia-button avia-button-fullwidth av-ke6dneq0-5f85becfbbf25cab7b752938dad5131c avia-icon_select-no avia-color-dark'  ><span class='avia_iconbox_title' >Back<\/span><\/a><\/div>\n<\/div><\/div><\/main><!-- close content main element --><\/div><\/div><div id='after_section_1'  class='main_color av_default_container_wrap container_wrap sidebar_right'  ><div class='container av-section-cont-open' ><div class='template-page content  av-content-small alpha units'><div class='post-entry post-entry-type-page post-entry-10698'><div class='entry-content-wrapper clearfix'>","protected":false},"excerpt":{"rendered":"","protected":false},"author":1,"featured_media":0,"parent":0,"menu_order":0,"comment_status":"closed","ping_status":"closed","template":"","meta":{"inline_featured_image":false,"footnotes":""},"class_list":["post-10698","page","type-page","status-publish","hentry"],"_links":{"self":[{"href":"https:\/\/abest.com.br\/en\/wp-json\/wp\/v2\/pages\/10698","targetHints":{"allow":["GET"]}}],"collection":[{"href":"https:\/\/abest.com.br\/en\/wp-json\/wp\/v2\/pages"}],"about":[{"href":"https:\/\/abest.com.br\/en\/wp-json\/wp\/v2\/types\/page"}],"author":[{"embeddable":true,"href":"https:\/\/abest.com.br\/en\/wp-json\/wp\/v2\/users\/1"}],"replies":[{"embeddable":true,"href":"https:\/\/abest.com.br\/en\/wp-json\/wp\/v2\/comments?post=10698"}],"version-history":[{"count":7,"href":"https:\/\/abest.com.br\/en\/wp-json\/wp\/v2\/pages\/10698\/revisions"}],"predecessor-version":[{"id":11405,"href":"https:\/\/abest.com.br\/en\/wp-json\/wp\/v2\/pages\/10698\/revisions\/11405"}],"wp:attachment":[{"href":"https:\/\/abest.com.br\/en\/wp-json\/wp\/v2\/media?parent=10698"}],"curies":[{"name":"wp","href":"https:\/\/api.w.org\/{rel}","templated":true}]}}