{"id":10700,"date":"2021-04-01T20:15:28","date_gmt":"2021-04-01T23:15:28","guid":{"rendered":"https:\/\/abest.com.br\/?page_id=4987"},"modified":"2025-02-10T17:37:59","modified_gmt":"2025-02-10T20:37:59","slug":"relatorio","status":"publish","type":"page","link":"https:\/\/abest.com.br\/en\/relatorio\/","title":{"rendered":"Relat\u00f3rio"},"content":{"rendered":"<div class=\"wp-block-columns is-layout-flex wp-container-core-columns-is-layout-9d6595d7 wp-block-columns-is-layout-flex\">\n<div class=\"wp-block-column is-vertically-aligned-center is-layout-flow wp-block-column-is-layout-flow\">\n<form name=\"loginform\" id=\"loginform\" action=\"https:\/\/abest.com.br\/en\/gestaodeconteudo\/\" method=\"post\"><p class=\"login-username\">\n\t\t\t\t<label for=\"user_login\">Username or Email Address<\/label>\n\t\t\t\t<input type=\"text\" name=\"log\" id=\"user_login\" autocomplete=\"username\" class=\"input\" value=\"\" size=\"20\" \/>\n\t\t\t<\/p><p class=\"login-password\">\n\t\t\t\t<label for=\"user_pass\">Password<\/label>\n\t\t\t\t<input type=\"password\" name=\"pwd\" id=\"user_pass\" autocomplete=\"current-password\" spellcheck=\"false\" class=\"input\" value=\"\" size=\"20\" \/>\n\t\t\t<\/p><p class=\"login-remember\"><label><input name=\"rememberme\" type=\"checkbox\" id=\"rememberme\" value=\"forever\" \/> Remember Me<\/label><\/p><p class=\"login-submit\">\n\t\t\t\t<input type=\"submit\" name=\"wp-submit\" id=\"wp-submit\" class=\"button button-primary\" value=\"Log In\" \/>\n\t\t\t\t<input type=\"hidden\" name=\"redirect_to\" value=\"https:\/\/abest.com.br\/en\/wp-json\/wp\/v2\/pages\/10700\" \/>\n\t\t\t<\/p><\/form>\n\n\n\n<p class=\"has-text-align-center logado\"><a href=\"https:\/\/abest.com.br\/wp-admin\/admin.php?page=gf_entries&amp;id=13\">Clique aqui para visualizar o relat\u00f3rio de inscri\u00e7\u00f5es<\/a><\/p>\n<\/div>\n\n\n\n<div class=\"wp-block-column is-vertically-aligned-center is-layout-flow wp-block-column-is-layout-flow\">\n<figure class=\"wp-block-image aligncenter size-full is-resized has-custom-border no-lightbox\"><img loading=\"lazy\" decoding=\"async\" width=\"1000\" height=\"700\" src=\"https:\/\/abest.com.br\/wp-content\/uploads\/2024\/12\/Testeira-Padrao-preta.jpg\" alt=\"\" class=\"wp-image-10897\" style=\"border-radius:200px;aspect-ratio:1;object-fit:cover;width:198px;height:auto\" srcset=\"https:\/\/abest.com.br\/wp-content\/uploads\/2024\/12\/Testeira-Padrao-preta.jpg 1000w, https:\/\/abest.com.br\/wp-content\/uploads\/2024\/12\/Testeira-Padrao-preta-300x210.jpg 300w, https:\/\/abest.com.br\/wp-content\/uploads\/2024\/12\/Testeira-Padrao-preta-768x538.jpg 768w, https:\/\/abest.com.br\/wp-content\/uploads\/2024\/12\/Testeira-Padrao-preta-18x12.jpg 18w, https:\/\/abest.com.br\/wp-content\/uploads\/2024\/12\/Testeira-Padrao-preta-705x494.jpg 705w\" sizes=\"auto, (max-width: 1000px) 100vw, 1000px\" \/><\/figure>\n<\/div>\n<\/div>\n\n\n\n<p><\/p>","protected":false},"excerpt":{"rendered":"<p>Clique aqui para visualizar o relat\u00f3rio de inscri\u00e7\u00f5es<\/p>","protected":false},"author":1,"featured_media":0,"parent":0,"menu_order":0,"comment_status":"closed","ping_status":"closed","template":"","meta":{"inline_featured_image":false,"footnotes":""},"class_list":["post-10700","page","type-page","status-publish","hentry"],"_links":{"self":[{"href":"https:\/\/abest.com.br\/en\/wp-json\/wp\/v2\/pages\/10700","targetHints":{"allow":["GET"]}}],"collection":[{"href":"https:\/\/abest.com.br\/en\/wp-json\/wp\/v2\/pages"}],"about":[{"href":"https:\/\/abest.com.br\/en\/wp-json\/wp\/v2\/types\/page"}],"author":[{"embeddable":true,"href":"https:\/\/abest.com.br\/en\/wp-json\/wp\/v2\/users\/1"}],"replies":[{"embeddable":true,"href":"https:\/\/abest.com.br\/en\/wp-json\/wp\/v2\/comments?post=10700"}],"version-history":[{"count":8,"href":"https:\/\/abest.com.br\/en\/wp-json\/wp\/v2\/pages\/10700\/revisions"}],"predecessor-version":[{"id":11001,"href":"https:\/\/abest.com.br\/en\/wp-json\/wp\/v2\/pages\/10700\/revisions\/11001"}],"wp:attachment":[{"href":"https:\/\/abest.com.br\/en\/wp-json\/wp\/v2\/media?parent=10700"}],"curies":[{"name":"wp","href":"https:\/\/api.w.org\/{rel}","templated":true}]}}