{"id":10705,"date":"2024-10-21T16:30:34","date_gmt":"2024-10-21T19:30:34","guid":{"rendered":"https:\/\/abest.com.br\/?page_id=6982"},"modified":"2025-02-10T15:23:29","modified_gmt":"2025-02-10T18:23:29","slug":"inscricoes","status":"publish","type":"page","link":"https:\/\/abest.com.br\/en\/inscricoes\/","title":{"rendered":"Inscri\u00e7\u00f5es"},"content":{"rendered":"<h1 class=\"wp-block-heading\"><strong>Workshop: ESG na moda<\/strong><\/h1>\n\n\n\n<p>Voc\u00ea j\u00e1 pensou em como a sustentabilidade pode fortalecer a reputa\u00e7\u00e3o e o impacto da sua marca? No Workshop de Pr\u00e1ticas de ESG na Moda, voc\u00ea aprender\u00e1 a aplicar estrat\u00e9gias sustent\u00e1veis no seu neg\u00f3cio com insights de especialistas e casos reais!<\/p>\n\n\n\n<p>O que voc\u00ea vai aprender?<\/p>\n\n\n\n<ul class=\"wp-block-list\">\n<li>Como a moda impacta o clima e como reduzir esses efeitos;<\/li>\n\n\n\n<li>Estrat\u00e9gias de ESG para empresas;<\/li>\n\n\n\n<li>Certifica\u00e7\u00f5es e acordos internacionais;<\/li>\n\n\n\n<li>Inova\u00e7\u00e3o e design circular na moda;<\/li>\n\n\n\n<li>Branding e marketing sustent\u00e1vel.<\/li>\n<\/ul>\n\n\n\n<figure class=\"wp-block-image size-full is-resized has-custom-border\"><img loading=\"lazy\" decoding=\"async\" width=\"800\" height=\"800\" src=\"https:\/\/abest.com.br\/wp-content\/uploads\/2025\/02\/1630064231971.jpg\" alt=\"\" class=\"wp-image-10981\" style=\"border-style:none;border-width:0px;border-radius:100px;width:211px;height:auto\" srcset=\"https:\/\/abest.com.br\/wp-content\/uploads\/2025\/02\/1630064231971.jpg 800w, https:\/\/abest.com.br\/wp-content\/uploads\/2025\/02\/1630064231971-300x300.jpg 300w, https:\/\/abest.com.br\/wp-content\/uploads\/2025\/02\/1630064231971-80x80.jpg 80w, https:\/\/abest.com.br\/wp-content\/uploads\/2025\/02\/1630064231971-768x768.jpg 768w, https:\/\/abest.com.br\/wp-content\/uploads\/2025\/02\/1630064231971-12x12.jpg 12w, https:\/\/abest.com.br\/wp-content\/uploads\/2025\/02\/1630064231971-36x36.jpg 36w, https:\/\/abest.com.br\/wp-content\/uploads\/2025\/02\/1630064231971-180x180.jpg 180w, https:\/\/abest.com.br\/wp-content\/uploads\/2025\/02\/1630064231971-705x705.jpg 705w\" sizes=\"auto, (max-width: 800px) 100vw, 800px\" \/><\/figure>\n\n\n\n<p><strong>O workshop ser\u00e1 ministrado por Yam\u00ea Reis, soci\u00f3loga e designer de moda.<\/strong><\/p>\n\n\n\n<p>Mestre em Sociologia e Pol\u00edtica pelo IUPERJ; Bacharel em Sociologia pela PUC-RJ; Especialista em Sustentabilidade no Centre of Sustainable Fashion no London College of Fashion; MBA em Gest\u00e3o Estrat\u00e9gica em Neg\u00f3cios de Moda pela FGV-RJ. Membro Consultora convidada da Comiss\u00e3o de Direito da Moda-CDMD, da OAB\/RJ. Coordenadora de cursos de Moda no Istituto Europeo di Design \u2013 IED-Rio. Exerceu cargos de lideran\u00e7a na \u00e1rea de Estilo e Dire\u00e7\u00e3o Criativa de empresas\/marcas de moda de grande porte como Cant\u00e3o e Le Lis Blanc, Totem e Mercatto. \u00c9 consultora de Desenvolvimento de Neg\u00f3cios de Moda no Sebrae Nacional. <\/p>\n\n\n\n<p>Est\u00e1 \u00e0 frente da Ag\u00eancia Moda Verde, especialista em Sustentabilidade, que tem por objetivo colaborar com empresas que desejam contribuir de forma positiva para a constru\u00e7\u00e3o de uma moda socialmente respons\u00e1vel e com baixo impacto ambiental. Autora de \u201cO Agroneg\u00f3cio do Algod\u00e3o: sustentabilidade e meio ambiente\u201d, RJ, Livros Ilimitados, 2021.<\/p>\n\n\n\n<p>Idealizadora e fundadora do Rio Ethical Fashion, primeiro evento internacional de Moda Sustent\u00e1vel no Brasil, com apoio institucional das maiores entidades empresariais do mercado, al\u00e9m de escolas de moda de v\u00e1rias regio\u00f5es&nbsp;do&nbsp;pa\u00eds.<\/p>\n\n\n\n<p><strong>Passo 1 =&gt; <\/strong>Fazer sua inscri\u00e7\u00e3o atrav\u00e9s deste link at\u00e9 04\/03\/2024;<br><strong>Passo 2 =&gt; <\/strong>Enviar o comprovante de pagamento para&nbsp;<a href=\"mailto:financeiro@abest.com.br\" target=\"_blank\" rel=\"noreferrer noopener\">financeiro@abest.com.br<\/a>&nbsp;at\u00e9 04\/03\/2024;<br><strong>Passo 3 =&gt; <\/strong>Se preparar para participa\u00e7\u00e3o no curso com in\u00edcio em 11\/03 via Zoom.<\/p>\n\n\n\n<p><strong>Per\u00edodo:<\/strong> Dias 11, 13, 18, 20, 25, 27 de Mar\u00e7o e 01 de abril, das 10h \u00e0s 12h (totalizando de 12h de aprendizado).<\/p>\n\n\n\n<p><strong>Valor para associados:&nbsp;<\/strong>R$ 310 para 2 participantes por empresa.<br><strong>Valor para n\u00e3o associados:&nbsp;<\/strong>R$ 510.<\/p>\n\n\n\n<p><strong>Vagas limitadas<\/strong><br><strong>O pagamento dever\u00e1 ser realizado via transfer\u00eancia banc\u00e1ria (*) at\u00e9 04\/03\/2024.&nbsp;<\/strong><\/p>\n\n\n\n<p><strong>Dados para transfer\u00eancia:<\/strong><br>Associa\u00e7\u00e3o Brasileira de Estilistas&nbsp; \/\/ 05.823.179\/0001-09<br>Banco do Brasil \/\/ Ag. 1191-6&nbsp; \/\/&nbsp; C\/C 39256-1<br>PIX&nbsp;<a rel=\"noreferrer noopener\" href=\"mailto:financeiro@abest.com.br\" target=\"_blank\">financeiro@abest.com.br<\/a><\/p>\n\n\n\n<p><strong>\u00c9 indispens\u00e1vel o envio do comprovante para o email&nbsp;<a href=\"mailto:financeiro@abest.com.br\" target=\"_blank\" rel=\"noreferrer noopener\">financeiro@abest.com.br<\/a>&nbsp;para concluir a inscri\u00e7\u00e3o.<\/strong><br><strong>(*) Caso necessite emiss\u00e3o de boleto e\/ou recibo, gentileza contatar atrav\u00e9s do email&nbsp;<a href=\"mailto:financeiro@abest.com.br\" target=\"_blank\" rel=\"noreferrer noopener\">financeiro@abest.com.br<\/a><\/strong><\/p>\n\n\n\n<p><strong>(**) Observa\u00e7\u00e3o:<\/strong> A ABEST se reserva no direito de cancelar as inscri\u00e7\u00f5es e realizar a devolu\u00e7\u00e3o do pagamento aos inscritos caso n\u00e3o seja alcan\u00e7ado o n\u00famero m\u00ednimo de participantes.<\/p>","protected":false},"excerpt":{"rendered":"<p>Workshop: ESG na moda Voc\u00ea j\u00e1 pensou em como a sustentabilidade pode fortalecer a reputa\u00e7\u00e3o e o impacto da sua marca? No Workshop de Pr\u00e1ticas de ESG na Moda, voc\u00ea aprender\u00e1 a aplicar estrat\u00e9gias sustent\u00e1veis no seu neg\u00f3cio com insights de especialistas e casos reais! O que voc\u00ea vai aprender? O workshop ser\u00e1 ministrado por [&hellip;]<\/p>","protected":false},"author":1,"featured_media":0,"parent":0,"menu_order":0,"comment_status":"closed","ping_status":"closed","template":"","meta":{"inline_featured_image":false,"footnotes":""},"class_list":["post-10705","page","type-page","status-publish","hentry"],"_links":{"self":[{"href":"https:\/\/abest.com.br\/en\/wp-json\/wp\/v2\/pages\/10705","targetHints":{"allow":["GET"]}}],"collection":[{"href":"https:\/\/abest.com.br\/en\/wp-json\/wp\/v2\/pages"}],"about":[{"href":"https:\/\/abest.com.br\/en\/wp-json\/wp\/v2\/types\/page"}],"author":[{"embeddable":true,"href":"https:\/\/abest.com.br\/en\/wp-json\/wp\/v2\/users\/1"}],"replies":[{"embeddable":true,"href":"https:\/\/abest.com.br\/en\/wp-json\/wp\/v2\/comments?post=10705"}],"version-history":[{"count":11,"href":"https:\/\/abest.com.br\/en\/wp-json\/wp\/v2\/pages\/10705\/revisions"}],"predecessor-version":[{"id":10991,"href":"https:\/\/abest.com.br\/en\/wp-json\/wp\/v2\/pages\/10705\/revisions\/10991"}],"wp:attachment":[{"href":"https:\/\/abest.com.br\/en\/wp-json\/wp\/v2\/media?parent=10705"}],"curies":[{"name":"wp","href":"https:\/\/api.w.org\/{rel}","templated":true}]}}