{"id":10710,"date":"2021-06-25T20:27:56","date_gmt":"2021-06-25T23:27:56","guid":{"rendered":"https:\/\/abest.com.br\/?page_id=5384"},"modified":"2021-06-25T20:27:56","modified_gmt":"2021-06-25T23:27:56","slug":"academia-abest","status":"publish","type":"page","link":"https:\/\/abest.com.br\/en\/academia-abest\/","title":{"rendered":"Global Mindset Academy"},"content":{"rendered":"<h1 class=\"wp-block-heading\"><strong>Curso &#8211; Global Mindset Academy<\/strong><\/h1>\n\n\n\n<p>Estrat\u00e9gias de Vendas para o Atacado Internacional<\/p>\n\n\n\n<p><strong>Data: <\/strong><br>26 de outubro, das 09:00 \u00e0s 12:00<\/p>\n\n\n\n<h2 class=\"wp-block-heading\" id=\"block-d07dd298-82d9-46a5-ab75-acbeef7bc764\"><strong>Inscri\u00e7\u00f5es<\/strong> <strong>esgotadas!<\/strong><\/h2>\n\n\n\n<p><strong>Durante o curso ser\u00e3o abordados os seguintes temas:<\/strong><\/p>\n\n\n\n<p>&#8211; Adapta\u00e7\u00e3o de produto,<br>&#8211; Calend\u00e1rio de vendas internacional,<br>&#8211; Modelos de expans\u00e3o de vendas para atacado internacional,<br>&#8211; Adapta\u00e7\u00f5es de cole\u00e7\u00e3o,<br>&#8211; Exig\u00eancias de clientes internacionais,<br>&#8211; Qualidade de produto,<br>&#8211; Manuten\u00e7\u00e3o de mercado (reten\u00e7\u00e3o).<\/p>\n\n\n\n<p><\/p>\n\n\n\n<hr class=\"wp-block-separator\"\/>","protected":false},"excerpt":{"rendered":"<p>Curso &#8211; Global Mindset Academy Estrat\u00e9gias de Vendas para o Atacado Internacional Data: 26 de outubro, das 09:00 \u00e0s 12:00 Inscri\u00e7\u00f5es esgotadas! Durante o curso ser\u00e3o abordados os seguintes temas: &#8211; Adapta\u00e7\u00e3o de produto,&#8211; Calend\u00e1rio de vendas internacional,&#8211; Modelos de expans\u00e3o de vendas para atacado internacional,&#8211; Adapta\u00e7\u00f5es de cole\u00e7\u00e3o,&#8211; Exig\u00eancias de clientes internacionais,&#8211; Qualidade de [&hellip;]<\/p>","protected":false},"author":1,"featured_media":0,"parent":0,"menu_order":0,"comment_status":"closed","ping_status":"closed","template":"","meta":{"inline_featured_image":false,"footnotes":""},"class_list":["post-10710","page","type-page","status-publish","hentry"],"_links":{"self":[{"href":"https:\/\/abest.com.br\/en\/wp-json\/wp\/v2\/pages\/10710","targetHints":{"allow":["GET"]}}],"collection":[{"href":"https:\/\/abest.com.br\/en\/wp-json\/wp\/v2\/pages"}],"about":[{"href":"https:\/\/abest.com.br\/en\/wp-json\/wp\/v2\/types\/page"}],"author":[{"embeddable":true,"href":"https:\/\/abest.com.br\/en\/wp-json\/wp\/v2\/users\/1"}],"replies":[{"embeddable":true,"href":"https:\/\/abest.com.br\/en\/wp-json\/wp\/v2\/comments?post=10710"}],"version-history":[{"count":0,"href":"https:\/\/abest.com.br\/en\/wp-json\/wp\/v2\/pages\/10710\/revisions"}],"wp:attachment":[{"href":"https:\/\/abest.com.br\/en\/wp-json\/wp\/v2\/media?parent=10710"}],"curies":[{"name":"wp","href":"https:\/\/api.w.org\/{rel}","templated":true}]}}