{"id":10781,"date":"2024-06-07T18:03:11","date_gmt":"2024-06-07T21:03:11","guid":{"rendered":"https:\/\/abest.com.br\/?page_id=10781"},"modified":"2024-06-07T18:14:18","modified_gmt":"2024-06-07T21:14:18","slug":"renovacao","status":"publish","type":"page","link":"https:\/\/abest.com.br\/en\/renovacao\/","title":{"rendered":"Renova\u00e7\u00e3o"},"content":{"rendered":"<h2 class=\"wp-block-heading\">APOIO SHOWROOM<\/h2>\n\n\n\n<div class=\"wp-block-buttons is-layout-flex wp-block-buttons-is-layout-flex\">\n<div class=\"wp-block-button\"><a class=\"wp-block-button__link has-white-color has-vivid-green-cyan-background-color has-text-color has-background has-link-color wp-element-button\" href=\"https:\/\/abest.com.br\/wp-content\/uploads\/2024\/06\/solicitacao_apoio_showroom_2024.doc\">Clique aqui para baixar o formul\u00e1rio<\/a><\/div>\n<\/div>\n\n\n\n<p>Ol\u00e1 pessoal,\u00a0<br>Esperamos que estejam todos bem\u00a0\ud83d\ude0a<br>Estamos iniciando um novo conv\u00eanio e gostar\u00edamos de checar quais marcas tem interesse em solicitar o\u00a0apoio em Showroom Internacional\u00a0para os pr\u00f3ximos 6 meses (jul a dez 24).<\/p>\n\n\n\n<p>>>>Lembramos que nosso\u00a0apoio \u00e9 aplicado sobre o valor total do *Fee mensal, podendo variar de 30% a 50%,\u00a0mediante a aprova\u00e7\u00e3o da Apex nos seguintes mercados:\u00a0Europa e Estados Unidos<\/p>\n\n\n\n<p>*Comiss\u00f5es ou demais custos extras s\u00e3o de responsabilidade da marca, assim como as negocia\u00e7\u00f5es de valores e fees, que dever\u00e3o ser feitas diretamente com o showroom.<\/p>\n\n\n\n<p><strong><a href=\"https:\/\/abest.com.br\/wp-content\/uploads\/2024\/06\/solicitacao_apoio_showroom_2024.doc\" data-type=\"link\" data-id=\"https:\/\/abest.com.br\/renovacao\/\">Marcas interessadas favor\u00a0preencher o formul\u00e1rio de Solicita\u00e7\u00e3o de Apoio Showroom\u00a0clicando aqui<\/a><\/strong> e\u00a0nos enviar (**)\u00a0<strong>at\u00e9 o\u00a0dia 12\/06\u00a0(quarta feira)<\/strong>,\u00a0para que possamos avaliar os pedidos junto \u00e0 Apex.<\/p>\n\n\n\n<p>(**) enviar email para&nbsp;<a href=\"mailto:claudia@abest.com.br\">claudia@abest.com.br<\/a>&nbsp;e&nbsp;<a href=\"mailto:comercial@abest.com.br\">comercial@abest.com.br<\/a>.<\/p>\n\n\n\n<div class=\"wp-block-buttons is-layout-flex wp-block-buttons-is-layout-flex\">\n<div class=\"wp-block-button\"><a class=\"wp-block-button__link has-white-color has-vivid-green-cyan-background-color has-text-color has-background has-link-color wp-element-button\" href=\"https:\/\/abest.com.br\/wp-content\/uploads\/2024\/06\/solicitacao_apoio_showroom_2024.doc\">Clique aqui para baixar o formul\u00e1rio<\/a><\/div>\n<\/div>\n\n\n\n<p>Segue abaixo os principais crit\u00e9rios a serem analisados para concess\u00e3o do Apoio:<\/p>\n\n\n\n<p>\u2713&nbsp;N\u00edvel de maturidade exportadora;<\/p>\n\n\n\n<p>\u2713&nbsp;Tempo que j\u00e1 usufruiu do apoio em quest\u00e3o;<\/p>\n\n\n\n<p>\u2713&nbsp;Resultados das temporadas anteriores;<\/p>\n\n\n\n<p>\u2713&nbsp;Performance geral na a\u00e7\u00e3o incluindo entrega de documentos e relat\u00f3rios.<\/p>\n\n\n\n<p>Como sabem temos um&nbsp;budget&nbsp;limitado, portanto avaliaremos os pedidos individualmente priorizando a ordem de chegada dos mesmos.<\/p>\n\n\n\n<p>APOIO M\u00c1XIMO PARA SHOWROOM<\/p>\n\n\n\n<p>Ap\u00f3s uma pesquisa de mercado e tomada de pre\u00e7os com potenciais fornecedores, estabeleceremos o teto dos valores de fee mensal para os mercados.<\/p>\n\n\n\n<p>Tal processo de pesquisa (cota\u00e7\u00e3o) est\u00e1 em curso. Ap\u00f3s finaliza\u00e7\u00e3o ser\u00e3o definidos os valores (teto) m\u00e1ximos para apoio conforme tipo de showroom (f\u00edsico \/ virtual) bem como em considera\u00e7\u00e3o ao mercado de atua\u00e7\u00e3o.<\/p>\n\n\n\n<p>AVALIA\u00c7\u00c3O DE RESULTADOS<\/p>\n\n\n\n<p>Ao final de cada cole\u00e7\u00e3o (semestre), tanto a marca como o showroom ser\u00e3o submetidos \u00e0 uma pesquisa (link via google forms), indicando os resultados alcan\u00e7ados no per\u00edodo. A an\u00e1lise deste desempenho ser\u00e1 fundamental para a continuidade do apoio. Caso a marca n\u00e3o consiga obter resultados de vendas em at\u00e9 1 ano, o apoio ser\u00e1 descontinuado.<\/p>\n\n\n\n<p>IMPORTANTE<\/p>\n\n\n\n<ul class=\"wp-block-list\">\n<li>A ABEST pagar\u00e1 at\u00e9 50% e a marca pagar\u00e1 o percentual restante considerando o teto estabelecido.<\/li>\n\n\n\n<li>A marca dever\u00e1 promover a assinatura do contrato tripartipe entra a ABEST, Showroom e a pr\u00f3pria marca, conforme modelo a ser disponibilizado.<\/li>\n\n\n\n<li>Para que possamos efetuar o pagamento da parte que nos cabe, necessitaremos da invoice emitida pelo showroom em nome da ABEST e o pagamento (para a ABEST) da tx administrativa (10% do valor do apoio) por parte da marca.<\/li>\n\n\n\n<li>Todos os meses a marca dever\u00e1 enviar para a ABEST : invoice emitida para marca e o comprovante de pagamento que a marca efetuou para o showroom (ser\u00e1 fornecido um link para upload dos comprovantes)<\/li>\n<\/ul>\n\n\n\n<p>\u00a0Seguimos \u00e0 disposi\u00e7\u00e3o para eventuais d\u00favidas e aguardamos um breve retorno de vcs para saber se tem interesse ou n\u00e3o no apoio, please!<\/p>\n\n\n\n<div class=\"wp-block-buttons is-layout-flex wp-block-buttons-is-layout-flex\">\n<div class=\"wp-block-button\"><a class=\"wp-block-button__link has-white-color has-vivid-green-cyan-background-color has-text-color has-background has-link-color wp-element-button\">Clique aqui para baixar o formul\u00e1rio<\/a><\/div>\n<\/div>","protected":false},"excerpt":{"rendered":"<p>APOIO SHOWROOM Ol\u00e1 pessoal,\u00a0Esperamos que estejam todos bem\u00a0\ud83d\ude0aEstamos iniciando um novo conv\u00eanio e gostar\u00edamos de checar quais marcas tem interesse em solicitar o\u00a0apoio em Showroom Internacional\u00a0para os pr\u00f3ximos 6 meses (jul a dez 24). >>>Lembramos que nosso\u00a0apoio \u00e9 aplicado sobre o valor total do *Fee mensal, podendo variar de 30% a 50%,\u00a0mediante a aprova\u00e7\u00e3o da [&hellip;]<\/p>","protected":false},"author":1,"featured_media":0,"parent":0,"menu_order":0,"comment_status":"closed","ping_status":"closed","template":"","meta":{"inline_featured_image":false,"footnotes":""},"class_list":["post-10781","page","type-page","status-publish","hentry"],"_links":{"self":[{"href":"https:\/\/abest.com.br\/en\/wp-json\/wp\/v2\/pages\/10781","targetHints":{"allow":["GET"]}}],"collection":[{"href":"https:\/\/abest.com.br\/en\/wp-json\/wp\/v2\/pages"}],"about":[{"href":"https:\/\/abest.com.br\/en\/wp-json\/wp\/v2\/types\/page"}],"author":[{"embeddable":true,"href":"https:\/\/abest.com.br\/en\/wp-json\/wp\/v2\/users\/1"}],"replies":[{"embeddable":true,"href":"https:\/\/abest.com.br\/en\/wp-json\/wp\/v2\/comments?post=10781"}],"version-history":[{"count":15,"href":"https:\/\/abest.com.br\/en\/wp-json\/wp\/v2\/pages\/10781\/revisions"}],"predecessor-version":[{"id":10803,"href":"https:\/\/abest.com.br\/en\/wp-json\/wp\/v2\/pages\/10781\/revisions\/10803"}],"wp:attachment":[{"href":"https:\/\/abest.com.br\/en\/wp-json\/wp\/v2\/media?parent=10781"}],"curies":[{"name":"wp","href":"https:\/\/api.w.org\/{rel}","templated":true}]}}