{"id":10881,"date":"2024-10-22T00:59:53","date_gmt":"2024-10-22T03:59:53","guid":{"rendered":"https:\/\/abest.com.br\/?page_id=10881"},"modified":"2024-10-28T10:43:59","modified_gmt":"2024-10-28T13:43:59","slug":"relatorio-eur","status":"publish","type":"page","link":"https:\/\/abest.com.br\/en\/relatorio-eur\/","title":{"rendered":"Relat\u00f3rio &#8211; EUR"},"content":{"rendered":"<div class=\"wp-block-columns is-layout-flex wp-container-core-columns-is-layout-9d6595d7 wp-block-columns-is-layout-flex\">\n<div class=\"wp-block-column is-layout-flow wp-block-column-is-layout-flow\">\n<form name=\"loginform\" id=\"loginform\" action=\"https:\/\/abest.com.br\/en\/gestaodeconteudo\/\" method=\"post\"><p class=\"login-username\">\n\t\t\t\t<label for=\"user_login\">Username or Email Address<\/label>\n\t\t\t\t<input type=\"text\" name=\"log\" id=\"user_login\" autocomplete=\"username\" class=\"input\" value=\"\" size=\"20\" \/>\n\t\t\t<\/p><p class=\"login-password\">\n\t\t\t\t<label for=\"user_pass\">Password<\/label>\n\t\t\t\t<input type=\"password\" name=\"pwd\" id=\"user_pass\" autocomplete=\"current-password\" spellcheck=\"false\" class=\"input\" value=\"\" size=\"20\" \/>\n\t\t\t<\/p><p class=\"login-remember\"><label><input name=\"rememberme\" type=\"checkbox\" id=\"rememberme\" value=\"forever\" \/> Remember Me<\/label><\/p><p class=\"login-submit\">\n\t\t\t\t<input type=\"submit\" name=\"wp-submit\" id=\"wp-submit\" class=\"button button-primary\" value=\"Log In\" \/>\n\t\t\t\t<input type=\"hidden\" name=\"redirect_to\" value=\"https:\/\/abest.com.br\/en\/wp-json\/wp\/v2\/pages\/10881\" \/>\n\t\t\t<\/p><\/form>\n\n\n\n<p class=\"logado\"><a href=\"https:\/\/abest.com.br\/en\/gravityexport-lite\/66ca7f8eff854022c89faccf56329a94\/\"><strong>Clique aqui para baixar o relat\u00f3rio do curso: <\/strong><br><strong><strong>Curso Etiquetagem t\u00eaxtil para comercializa\u00e7\u00e3o na Europa<\/strong><\/strong><\/a><\/p>\n<\/div>\n\n\n\n<div class=\"wp-block-column is-vertically-aligned-center is-layout-flow wp-block-column-is-layout-flow\"><\/div>\n<\/div>","protected":false},"excerpt":{"rendered":"<p>Clique aqui para baixar o relat\u00f3rio do curso: Curso Etiquetagem t\u00eaxtil para comercializa\u00e7\u00e3o na Europa<\/p>","protected":false},"author":1,"featured_media":0,"parent":0,"menu_order":0,"comment_status":"closed","ping_status":"closed","template":"","meta":{"inline_featured_image":false,"footnotes":""},"class_list":["post-10881","page","type-page","status-publish","hentry"],"_links":{"self":[{"href":"https:\/\/abest.com.br\/en\/wp-json\/wp\/v2\/pages\/10881","targetHints":{"allow":["GET"]}}],"collection":[{"href":"https:\/\/abest.com.br\/en\/wp-json\/wp\/v2\/pages"}],"about":[{"href":"https:\/\/abest.com.br\/en\/wp-json\/wp\/v2\/types\/page"}],"author":[{"embeddable":true,"href":"https:\/\/abest.com.br\/en\/wp-json\/wp\/v2\/users\/1"}],"replies":[{"embeddable":true,"href":"https:\/\/abest.com.br\/en\/wp-json\/wp\/v2\/comments?post=10881"}],"version-history":[{"count":3,"href":"https:\/\/abest.com.br\/en\/wp-json\/wp\/v2\/pages\/10881\/revisions"}],"predecessor-version":[{"id":10887,"href":"https:\/\/abest.com.br\/en\/wp-json\/wp\/v2\/pages\/10881\/revisions\/10887"}],"wp:attachment":[{"href":"https:\/\/abest.com.br\/en\/wp-json\/wp\/v2\/media?parent=10881"}],"curies":[{"name":"wp","href":"https:\/\/api.w.org\/{rel}","templated":true}]}}